{"id":2496,"date":"2025-08-27T10:12:23","date_gmt":"2025-08-27T08:12:23","guid":{"rendered":"https:\/\/www.schwark.ag\/WP2025\/?page_id=2496"},"modified":"2026-04-23T23:31:51","modified_gmt":"2026-04-23T21:31:51","slug":"karriere","status":"publish","type":"page","link":"https:\/\/www.schwark.ag\/WP2025\/karriere\/","title":{"rendered":"Karriere"},"content":{"rendered":"\t\t<div data-elementor-type=\"wp-page\" data-elementor-id=\"2496\" class=\"elementor elementor-2496\">\n\t\t\t\t<div class=\"elementor-element elementor-element-632a7fa e-flex e-con-boxed e-con e-parent\" data-id=\"632a7fa\" data-element_type=\"container\" data-e-type=\"container\" data-settings=\"{&quot;background_background&quot;:&quot;classic&quot;}\">\n\t\t\t\t\t<div class=\"e-con-inner\">\n\t\t<div class=\"elementor-element elementor-element-868c7c6 e-con-full e-flex e-con e-child\" data-id=\"868c7c6\" data-element_type=\"container\" data-e-type=\"container\">\n\t\t\t\t<\/div>\n\t\t\t\t\t<\/div>\n\t\t\t\t<\/div>\n\t\t<div class=\"elementor-element elementor-element-f382eb9 e-flex e-con-boxed e-con e-parent\" data-id=\"f382eb9\" data-element_type=\"container\" data-e-type=\"container\">\n\t\t\t\t\t<div class=\"e-con-inner\">\n\t\t\t\t<div class=\"elementor-element elementor-element-8ceacc6 elementor-widget elementor-widget-heading\" data-id=\"8ceacc6\" data-element_type=\"widget\" data-e-type=\"widget\" data-widget_type=\"heading.default\">\n\t\t\t\t<div class=\"elementor-widget-container\">\n\t\t\t\t\t<h2 class=\"elementor-heading-title elementor-size-default\">Erfolg entsteht durch Menschen.<\/h2>\t\t\t\t<\/div>\n\t\t\t\t<\/div>\n\t\t\t\t\t<\/div>\n\t\t\t\t<\/div>\n\t\t<div class=\"elementor-element elementor-element-7f9fbb7 e-flex e-con-boxed e-con e-parent\" data-id=\"7f9fbb7\" data-element_type=\"container\" data-e-type=\"container\">\n\t\t\t\t\t<div class=\"e-con-inner\">\n\t\t<div class=\"elementor-element elementor-element-b43fe15 e-con-full e-flex e-con e-child\" data-id=\"b43fe15\" data-element_type=\"container\" data-e-type=\"container\">\n\t\t\t\t<div class=\"elementor-element elementor-element-d0f6159 elementor-widget elementor-widget-html\" data-id=\"d0f6159\" data-element_type=\"widget\" data-e-type=\"widget\" data-widget_type=\"html.default\">\n\t\t\t\t<div class=\"elementor-widget-container\">\n\t\t\t\t\t<!DOCTYPE html>\n<html lang=\"de\">\n<head>\n    <meta charset=\"UTF-8\">\n    <meta name=\"viewport\" content=\"width=device-width, initial-scale=1.0\">\n    <title>Karriere bei SCHWARK<\/title>\n    <style>\n        * {\n            margin: 0;\n            padding: 0;\n            box-sizing: border-box;\n            font-family: 'Segoe UI', Tahoma, Geneva, Verdana, sans-serif;\n        }\n        \n        body {\n            background-color: #f8f9fa;\n            color: #333;\n            line-height: 1.6;\n            min-height: 100vh;\n            display: flex;\n            flex-direction: column;\n        }\n        \n        \/* Header mit voller Breite *\/\n        .full-width-header {\n            background: linear-gradient(135deg, #2c3e50 0%, #3498db 100%);\n            color: white;\n            padding: 60px 0;\n            text-align: center;\n            width: 100%;\n            margin-bottom: 40px;\n            box-shadow: 0 4px 12px rgba(0, 0, 0, 0.1);\n        }\n        \n        .header-content {\n            max-width: 1200px;\n            margin: 0 auto;\n            padding: 0 20px;\n        }\n        \n        .logo {\n            font-weight: 700;\n            font-size: 2.2rem;\n            margin-bottom: 15px;\n            letter-spacing: 1px;\n        }\n        \n        h1 {\n            font-size: 3rem;\n            margin-bottom: 15px;\n            font-weight: 300;\n        }\n        \n        .subtitle {\n            font-size: 1.3rem;\n            font-weight: 300;\n            opacity: 0.9;\n            max-width: 800px;\n            margin: 0 auto;\n        }\n        \n        \/* Hauptinhalt mit voller Breite *\/\n        .full-width-content {\n            flex: 1;\n            width: 100%;\n            padding: 0 20px 40px;\n        }\n        \n        .container {\n            max-width: 1200px;\n            margin: 0 auto;\n        }\n        \n        \/* Mission Statement - volle Breite mit Hintergrund *\/\n        .mission-section {\n            background-color: white;\n            padding: 20px 0;\n            margin-bottom: 0px;\n            box-shadow: 0 5px 15px rgba(0, 0, 0, 0.05);\n        }\n        \n        .mission-content {\n            max-width: 1000px;\n            margin: 0 auto;\n            padding: 0 20px;\n        }\n        \n        .mission-statement {\n            background-color: #f8f9fa;\n            border-left: 5px solid #3498db;\n            padding: 35px;\n            border-radius: 0 10px 10px 0;\n        }\n        \n        .mission-text {\n            font-size: 1.4rem;\n            line-height: 1.8;\n            color: #2c3e50;\n            text-align: center;\n            margin: 0;\n        }\n        \n        \/* Values Section - volle Breite *\/\n        .values-section {\n            background-color: #f8f9fa;\n            padding: 20px 0;\n            width: 100%;\n            margin-bottom: 40px;\n        }\n        \n        .values-title {\n            text-align: center;\n            color: #2c3e50;\n            font-size: 2.2rem;\n            margin-bottom: 40px;\n            font-weight: 300;\n        }\n        \n        .values-grid {\n            display: grid;\n            grid-template-columns: repeat(auto-fit, minmax(300px, 1fr));\n            gap: 30px;\n            max-width: 1200px;\n            margin: 0 auto;\n            padding: 0 20px;\n        }\n        \n        .value-card {\n            background: white;\n            border-radius: 12px;\n            padding: 35px 30px;\n            box-shadow: 0 5px 20px rgba(0, 0, 0, 0.08);\n            transition: all 0.3s ease;\n            text-align: center;\n            border-top: 4px solid #3498db;\n        }\n        \n        .value-card:hover {\n            transform: translateY(-10px);\n            box-shadow: 0 15px 30px rgba(0, 0, 0, 0.15);\n        }\n        \n        .value-card h3 {\n            color: #2c3e50;\n            margin-bottom: 20px;\n            font-size: 1.6rem;\n        }\n        \n        .value-card p {\n            color: #555;\n            line-height: 1.7;\n        }\n        \n        .value-icon {\n            font-size: 2.5rem;\n            margin-bottom: 20px;\n            color: #3498db;\n        }\n        \n        \/* CTA Section - volle Breite *\/\n        .cta-section {\n            background: linear-gradient(to right, #2c3e50, #3498db);\n            color: white;\n            padding: 80px 0;\n            width: 100%;\n            text-align: center;\n            margin-bottom: 40px;\n        }\n        \n        .cta-content {\n            max-width: 800px;\n            margin: 0 auto;\n            padding: 0 20px;\n        }\n        \n        .cta-section h2 {\n            font-size: 2.5rem;\n            margin-bottom: 20px;\n            font-weight: 300;\n        }\n        \n        .cta-section p {\n            font-size: 1.2rem;\n            margin-bottom: 30px;\n            opacity: 0.95;\n            line-height: 1.7;\n        }\n        \n        .cta-button {\n            display: inline-block;\n            background-color: white;\n            color: #3498db;\n            padding: 16px 40px;\n            border-radius: 50px;\n            text-decoration: none;\n            font-weight: 600;\n            font-size: 1.1rem;\n            transition: all 0.3s ease;\n            border: 2px solid white;\n            letter-spacing: 0.5px;\n        }\n        \n        .cta-button:hover {\n            background-color: transparent;\n            color: white;\n            transform: scale(1.05);\n        }\n        \n        \/* Footer - volle Breite *\/\n        .full-width-footer {\n            background-color: #2c3e50;\n            color: #ecf0f1;\n            padding: 40px 0;\n            width: 100%;\n            text-align: center;\n            margin-top: auto;\n        }\n        \n        .footer-content {\n            max-width: 1200px;\n            margin: 0 auto;\n            padding: 0 20px;\n        }\n        \n        .footer-logo {\n            font-weight: 700;\n            font-size: 1.8rem;\n            margin-bottom: 20px;\n            color: white;\n        }\n        \n        .contact-info {\n            display: flex;\n            justify-content: center;\n            flex-wrap: wrap;\n            gap: 30px;\n            margin: 25px 0;\n        }\n        \n        .contact-item {\n            display: flex;\n            align-items: center;\n            gap: 10px;\n        }\n        \n        .copyright {\n            margin-top: 30px;\n            padding-top: 20px;\n            border-top: 1px solid rgba(255, 255, 255, 0.1);\n            font-size: 0.9rem;\n            opacity: 0.8;\n        }\n        \n        \/* Responsive Anpassungen *\/\n        @media (max-width: 992px) {\n            h1 {\n                font-size: 2.5rem;\n            }\n            \n            .mission-text {\n                font-size: 1.3rem;\n            }\n            \n            .values-grid {\n                grid-template-columns: repeat(auto-fit, minmax(280px, 1fr));\n                padding: 0 15px;\n            }\n        }\n        \n        @media (max-width: 768px) {\n            .full-width-header {\n                padding: 40px 0;\n            }\n            \n            h1 {\n                font-size: 2rem;\n            }\n            \n            .subtitle {\n                font-size: 1.1rem;\n            }\n            \n            .mission-text {\n                font-size: 1.2rem;\n                padding: 25px;\n            }\n            \n            .values-title {\n                font-size: 1.8rem;\n            }\n            \n            .cta-section h2 {\n                font-size: 2rem;\n            }\n            \n            .contact-info {\n                flex-direction: column;\n                gap: 15px;\n                align-items: center;\n            }\n        }\n        \n        @media (max-width: 480px) {\n            .full-width-content {\n                padding: 0 15px 30px;\n            }\n            \n            .value-card {\n                padding: 25px 20px;\n            }\n            \n            .cta-button {\n                padding: 14px 30px;\n                font-size: 1rem;\n            }\n        }\n    <\/style>\n    <link rel=\"stylesheet\" href=\"https:\/\/cdnjs.cloudflare.com\/ajax\/libs\/font-awesome\/6.0.0\/css\/all.min.css\">\n<\/head>\n\n    <\/header>\n    \n    <!-- Mission Statement mit voller Breite -->\n    <section class=\"mission-section\">\n        <div class=\"mission-content\">\n            <div class=\"mission-statement\">\n                <p class=\"mission-text\">\n                    Bei Schwark setzen wir auf Kompetenz, Eigenverantwortung und kontinuierliche Weiterentwicklung. \n                    Entdecken Sie Karrierem\u00f6glichkeiten in einem modernen Unternehmen, das Leistung f\u00f6rdert und Engagement wertsch\u00e4tzt.\n                <\/p>\n            <\/div>\n        <\/div>\n    <\/section>\n    \n    <!-- Unsere Werte mit voller Breite -->\n    <section class=\"values-section\">\n        <h2 class=\"values-title\">Unsere Werte<\/h2>\n        <div class=\"values-grid\">\n            <div class=\"value-card\">\n                <div class=\"value-icon\">\n                    <i class=\"fas fa-graduation-cap\"><\/i>\n                <\/div>\n                <h3>Kompetenz<\/h3>\n                <p>Wir f\u00f6rdern fachliche Exzellenz und investieren in die kontinuierliche Weiterbildung unserer Mitarbeiter. Bei uns haben Sie die M\u00f6glichkeit, Ihr Wissen stetig zu erweitern und sich neuen Herausforderungen zu stellen.<\/p>\n            <\/div>\n            \n            <div class=\"value-card\">\n                <div class=\"value-icon\">\n                    <i class=\"fas fa-user-check\"><\/i>\n                <\/div>\n                <h3>Eigenverantwortung<\/h3>\n                <p>Unsere Mitarbeiter \u00fcbernehmen Verantwortung f\u00fcr ihre Aufgaben und Projekte. Wir bieten Freir\u00e4ume f\u00fcr eigenst\u00e4ndiges Arbeiten und kreative L\u00f6sungsans\u00e4tze in einem unterst\u00fctzenden Umfeld.<\/p>\n            <\/div>\n            \n            <div class=\"value-card\">\n                <div class=\"value-icon\">\n                    <i class=\"fas fa-chart-line\"><\/i>\n                <\/div>\n                <h3>Weiterentwicklung<\/h3>\n                <p>Pers\u00f6nliches und berufliches Wachstum stehen im Mittelpunkt. Durch individuelle Entwicklungspl\u00e4ne und klar definierte Karrierepfade unterst\u00fctzen wir Ihre berufliche Laufbahn nachhaltig.<\/p>\n            <\/div>\n        <\/div>\n    <\/section>\n    \n\n    \n   \n\t\t\t\t<\/div>\n\t\t\t\t<\/div>\n\t\t\t\t<\/div>\n\t\t\t\t\t<\/div>\n\t\t\t\t<\/div>\n\t\t<div class=\"elementor-element elementor-element-72790da e-flex e-con-boxed e-con e-parent\" data-id=\"72790da\" data-element_type=\"container\" data-e-type=\"container\">\n\t\t\t\t\t<div class=\"e-con-inner\">\n\t\t\t\t<div class=\"elementor-element elementor-element-417ec79 elementor-widget elementor-widget-heading\" data-id=\"417ec79\" data-element_type=\"widget\" data-e-type=\"widget\" data-widget_type=\"heading.default\">\n\t\t\t\t<div class=\"elementor-widget-container\">\n\t\t\t\t\t<h3 class=\"elementor-heading-title elementor-size-default\">aktuelle Stellenangebote<\/h3>\t\t\t\t<\/div>\n\t\t\t\t<\/div>\n\t\t\t\t\t<\/div>\n\t\t\t\t<\/div>\n\t\t<div class=\"elementor-element elementor-element-16af44d e-flex e-con-boxed e-con e-parent\" data-id=\"16af44d\" data-element_type=\"container\" data-e-type=\"container\">\n\t\t\t\t\t<div class=\"e-con-inner\">\n\t\t<div class=\"elementor-element elementor-element-63e46f8 e-con-full e-flex e-con e-child\" data-id=\"63e46f8\" data-element_type=\"container\" data-e-type=\"container\">\n\t\t\t\t<div data-premium-element-link=\"{&quot;type&quot;:&quot;link&quot;,&quot;link&quot;:null,&quot;href&quot;:&quot;https:\\\/\\\/www.schwark.ag\\\/WP2025\\\/karriere\\\/&quot;}\" style=\"cursor: pointer\" class=\"elementor-element elementor-element-a4e6885 premium-atext__highlight premium-wrapper-link-yes elementor-widget elementor-widget-premium-addon-fancy-text\" data-id=\"a4e6885\" data-element_type=\"widget\" data-e-type=\"widget\" data-widget_type=\"premium-addon-fancy-text.default\">\n\t\t\t\t<div class=\"elementor-widget-container\">\n\t\t\t\t\t\t\t<div class=\"premium-atext__wrapper premium-atext premium-atext__shadow\" data-settings=\"{&quot;effect&quot;:&quot;shadow&quot;,&quot;style&quot;:&quot;highlight&quot;}\">\n\n\t\t\t<h5 class=\"premium-atext__headline\">\n\t\t\t\t\t\t\t<span class=\"premium-prefix-text\">\n\t\t\t\t\t<span >Werde Servicetechniker*in f\u00fcr<\/span>\n\t\t\t\t<\/span>\n\t\t\t\n\t\t\t\n\t\t\t\t\t\t\t<span class=\"premium-atext__text\" data-text=\"Hydraulik\">\n\t\t\t\t\tHydraulik\t\t\t\t\t\t\t\t\t<\/span>\n\n\t\t\t\n\t\t\n\t\t\t\t\t\t\t<span class=\"premium-suffix-text\">\n\t\t\t\t\t<span >mit uns unter Hochdruck zum Erfolg! Jetzt bewerben<\/span>\n\t\t\t\t<\/span>\n\t\t\t\n\t\t\t\t\t\t\t<a href=\"https:\/\/www.schwark.ag\/WP2025\/wp-content\/uploads\/2026\/01\/Stellen_Anzeige_Hydraulik_2026.pdf\"><\/a>\n\t\t\t\n\t\t\t<\/h5>\n\t\t<\/div>\n\t\t\t\t\t\t<\/div>\n\t\t\t\t<\/div>\n\t\t\t\t<\/div>\n\t\t\t\t\t<\/div>\n\t\t\t\t<\/div>\n\t\t<div class=\"elementor-element elementor-element-695aed1 e-flex e-con-boxed e-con e-parent\" data-id=\"695aed1\" data-element_type=\"container\" data-e-type=\"container\" data-settings=\"{&quot;background_background&quot;:&quot;classic&quot;}\">\n\t\t\t\t\t<div class=\"e-con-inner\">\n\t\t\t\t<div class=\"elementor-element elementor-element-da0136e content-align-cta-center elementor-widget elementor-widget-eael-cta-box\" data-id=\"da0136e\" data-element_type=\"widget\" data-e-type=\"widget\" data-widget_type=\"eael-cta-box.default\">\n\t\t\t\t<div class=\"elementor-widget-container\">\n\t\t\t\t\t\t\t<div class=\"eael-call-to-action cta-basic bg-lite cta-preset-1\">\n        <h2 class=\"title eael-cta-heading\">Stellenbeschreibung<\/h2><a href=\"https:\/\/www.schwark.ag\/WP2025\/wp-content\/uploads\/2026\/04\/Stellen_Anzeige_Hydraulik_Experte.pdf\" class=\"cta-button cta-preset-1  effect-1\"><span class=\"btn-icon\"><svg aria-hidden=\"true\" class=\"e-font-icon-svg e-fas-file-pdf\" viewBox=\"0 0 384 512\" xmlns=\"http:\/\/www.w3.org\/2000\/svg\"><path d=\"M181.9 256.1c-5-16-4.9-46.9-2-46.9 8.4 0 7.6 36.9 2 46.9zm-1.7 47.2c-7.7 20.2-17.3 43.3-28.4 62.7 18.3-7 39-17.2 62.9-21.9-12.7-9.6-24.9-23.4-34.5-40.8zM86.1 428.1c0 .8 13.2-5.4 34.9-40.2-6.7 6.3-29.1 24.5-34.9 40.2zM248 160h136v328c0 13.3-10.7 24-24 24H24c-13.3 0-24-10.7-24-24V24C0 10.7 10.7 0 24 0h200v136c0 13.2 10.8 24 24 24zm-8 171.8c-20-12.2-33.3-29-42.7-53.8 4.5-18.5 11.6-46.6 6.2-64.2-4.7-29.4-42.4-26.5-47.8-6.8-5 18.3-.4 44.1 8.1 77-11.6 27.6-28.7 64.6-40.8 85.8-.1 0-.1.1-.2.1-27.1 13.9-73.6 44.5-54.5 68 5.6 6.9 16 10 21.5 10 17.9 0 35.7-18 61.1-61.8 25.8-8.5 54.1-19.1 79-23.2 21.7 11.8 47.1 19.5 64 19.5 29.2 0 31.2-32 19.7-43.4-13.9-13.6-54.3-9.7-73.6-7.2zM377 105L279 7c-4.5-4.5-10.6-7-17-7h-6v128h128v-6.1c0-6.3-2.5-12.4-7-16.9zm-74.1 255.3c4.1-2.7-2.5-11.9-42.8-9 37.1 15.8 42.8 9 42.8 9z\"><\/path><\/svg><\/span>Deine Zukunft beginnt hier<\/a>\t<\/div>\n\t\t\t\t\t\t\t\t<\/div>\n\t\t\t\t<\/div>\n\t\t\t\t\t<\/div>\n\t\t\t\t<\/div>\n\t\t\t\t<\/div>\n\t\t","protected":false},"excerpt":{"rendered":"<p>Erfolg entsteht durch Menschen. Karriere bei SCHWARK Bei Schwark setzen wir auf Kompetenz, Eigenverantwortung und kontinuierliche Weiterentwicklung. Entdecken Sie Karrierem\u00f6glichkeiten in einem modernen Unternehmen, das Leistung f\u00f6rdert und Engagement wertsch\u00e4tzt. Unsere Werte Kompetenz Wir f\u00f6rdern fachliche Exzellenz und investieren in die kontinuierliche Weiterbildung unserer Mitarbeiter. Bei uns haben Sie die M\u00f6glichkeit, Ihr Wissen stetig zu [&hellip;]<\/p>\n","protected":false},"author":1,"featured_media":0,"parent":0,"menu_order":0,"comment_status":"closed","ping_status":"closed","template":"","meta":{"site-sidebar-layout":"no-sidebar","site-content-layout":"page-builder","ast-site-content-layout":"default","site-content-style":"default","site-sidebar-style":"default","ast-global-header-display":"","ast-banner-title-visibility":"","ast-main-header-display":"","ast-hfb-above-header-display":"","ast-hfb-below-header-display":"","ast-hfb-mobile-header-display":"","site-post-title":"disabled","ast-breadcrumbs-content":"","ast-featured-img":"","footer-sml-layout":"","ast-disable-related-posts":"","theme-transparent-header-meta":"enabled","adv-header-id-meta":"","stick-header-meta":"","header-above-stick-meta":"","header-main-stick-meta":"","header-below-stick-meta":"","astra-migrate-meta-layouts":"default","ast-page-background-enabled":"default","ast-page-background-meta":{"desktop":{"background-color":"","background-image":"","background-repeat":"repeat","background-position":"center center","background-size":"auto","background-attachment":"scroll","background-type":"","background-media":"","overlay-type":"","overlay-color":"","overlay-opacity":"","overlay-gradient":""},"tablet":{"background-color":"","background-image":"","background-repeat":"repeat","background-position":"center center","background-size":"auto","background-attachment":"scroll","background-type":"","background-media":"","overlay-type":"","overlay-color":"","overlay-opacity":"","overlay-gradient":""},"mobile":{"background-color":"","background-image":"","background-repeat":"repeat","background-position":"center center","background-size":"auto","background-attachment":"scroll","background-type":"","background-media":"","overlay-type":"","overlay-color":"","overlay-opacity":"","overlay-gradient":""}},"ast-content-background-meta":{"desktop":{"background-color":"var(--ast-global-color-5)","background-image":"","background-repeat":"repeat","background-position":"center center","background-size":"auto","background-attachment":"scroll","background-type":"","background-media":"","overlay-type":"","overlay-color":"","overlay-opacity":"","overlay-gradient":""},"tablet":{"background-color":"var(--ast-global-color-5)","background-image":"","background-repeat":"repeat","background-position":"center center","background-size":"auto","background-attachment":"scroll","background-type":"","background-media":"","overlay-type":"","overlay-color":"","overlay-opacity":"","overlay-gradient":""},"mobile":{"background-color":"var(--ast-global-color-5)","background-image":"","background-repeat":"repeat","background-position":"center center","background-size":"auto","background-attachment":"scroll","background-type":"","background-media":"","overlay-type":"","overlay-color":"","overlay-opacity":"","overlay-gradient":""}},"footnotes":""},"class_list":["post-2496","page","type-page","status-publish","hentry"],"_links":{"self":[{"href":"https:\/\/www.schwark.ag\/WP2025\/wp-json\/wp\/v2\/pages\/2496","targetHints":{"allow":["GET"]}}],"collection":[{"href":"https:\/\/www.schwark.ag\/WP2025\/wp-json\/wp\/v2\/pages"}],"about":[{"href":"https:\/\/www.schwark.ag\/WP2025\/wp-json\/wp\/v2\/types\/page"}],"author":[{"embeddable":true,"href":"https:\/\/www.schwark.ag\/WP2025\/wp-json\/wp\/v2\/users\/1"}],"replies":[{"embeddable":true,"href":"https:\/\/www.schwark.ag\/WP2025\/wp-json\/wp\/v2\/comments?post=2496"}],"version-history":[{"count":119,"href":"https:\/\/www.schwark.ag\/WP2025\/wp-json\/wp\/v2\/pages\/2496\/revisions"}],"predecessor-version":[{"id":3257,"href":"https:\/\/www.schwark.ag\/WP2025\/wp-json\/wp\/v2\/pages\/2496\/revisions\/3257"}],"wp:attachment":[{"href":"https:\/\/www.schwark.ag\/WP2025\/wp-json\/wp\/v2\/media?parent=2496"}],"curies":[{"name":"wp","href":"https:\/\/api.w.org\/{rel}","templated":true}]}}