{"id":1187,"date":"2025-03-19T00:16:06","date_gmt":"2025-03-18T23:16:06","guid":{"rendered":"https:\/\/www.schwark.ag\/WP2025\/courses\/"},"modified":"2025-09-01T12:22:17","modified_gmt":"2025-09-01T10:22:17","slug":"produkte","status":"publish","type":"page","link":"https:\/\/www.schwark.ag\/WP2025\/produkte\/","title":{"rendered":"Produkte"},"content":{"rendered":"\t\t<div data-elementor-type=\"wp-page\" data-elementor-id=\"1187\" class=\"elementor elementor-1187\">\n\t\t\t\t<div class=\"elementor-element elementor-element-0af4100 e-flex e-con-boxed e-con e-parent\" data-id=\"0af4100\" data-element_type=\"container\" data-e-type=\"container\" data-settings=\"{&quot;background_background&quot;:&quot;classic&quot;}\">\n\t\t\t\t\t<div class=\"e-con-inner\">\n\t\t<div class=\"elementor-element elementor-element-bb5e59f e-con-full e-flex e-con e-child\" data-id=\"bb5e59f\" data-element_type=\"container\" data-e-type=\"container\" data-settings=\"{&quot;background_background&quot;:&quot;classic&quot;}\">\n\t\t\t\t<div class=\"elementor-element elementor-element-3aa9371 elementor-widget elementor-widget-heading\" data-id=\"3aa9371\" data-element_type=\"widget\" data-e-type=\"widget\" data-widget_type=\"heading.default\">\n\t\t\t\t<div class=\"elementor-widget-container\">\n\t\t\t\t\t<h1 class=\"elementor-heading-title elementor-size-default\">Produkte &amp; Leistungen<\/h1>\t\t\t\t<\/div>\n\t\t\t\t<\/div>\n\t\t\t\t<div class=\"elementor-element elementor-element-2d55af5 elementor-widget elementor-widget-heading\" data-id=\"2d55af5\" data-element_type=\"widget\" data-e-type=\"widget\" data-widget_type=\"heading.default\">\n\t\t\t\t<div class=\"elementor-widget-container\">\n\t\t\t\t\t<h3 class=\"elementor-heading-title elementor-size-default\">Pr\u00e4zise L\u00f6sungen in Hydraulik und Pneumatik f\u00fcr maximale Leistung und Zuverl\u00e4ssigkeit.<\/h3>\t\t\t\t<\/div>\n\t\t\t\t<\/div>\n\t\t\t\t<\/div>\n\t\t\t\t\t<\/div>\n\t\t\t\t<\/div>\n\t\t<div class=\"elementor-element elementor-element-fce3638 e-flex e-con-boxed e-con e-parent\" data-id=\"fce3638\" data-element_type=\"container\" data-e-type=\"container\" data-settings=\"{&quot;background_background&quot;:&quot;classic&quot;}\">\n\t\t\t\t\t<div class=\"e-con-inner\">\n\t\t<div class=\"elementor-element elementor-element-b09c805 e-con-full e-flex e-con e-child\" data-id=\"b09c805\" data-element_type=\"container\" data-e-type=\"container\">\n\t\t<div class=\"elementor-element elementor-element-4ebf760 e-con-full e-flex e-con e-child\" data-id=\"4ebf760\" data-element_type=\"container\" data-e-type=\"container\">\n\t\t<div data-premium-element-link=\"{&quot;type&quot;:&quot;link&quot;,&quot;link&quot;:null,&quot;href&quot;:&quot;https:\\\/\\\/www.schwark.ag\\\/WP2025\\\/hydraulik\\\/&quot;}\" style=\"cursor: pointer\" class=\"elementor-element elementor-element-5000eb5 e-con-full premium-wrapper-link-yes e-flex e-con e-child\" data-id=\"5000eb5\" data-element_type=\"container\" data-e-type=\"container\" data-settings=\"{&quot;background_background&quot;:&quot;classic&quot;}\">\n\t\t\t\t<div class=\"elementor-element elementor-element-055e9a3 elementor-widget__width-auto elementor-widget elementor-widget-heading\" data-id=\"055e9a3\" data-element_type=\"widget\" data-e-type=\"widget\" data-widget_type=\"heading.default\">\n\t\t\t\t<div class=\"elementor-widget-container\">\n\t\t\t\t\t<h6 class=\"elementor-heading-title elementor-size-default\"><a href=\"https:\/\/www.schwark.ag\/WP2025\/hydraulik\/\"><b>HYDRAULIK<\/b><\/a><\/h6>\t\t\t\t<\/div>\n\t\t\t\t<\/div>\n\t\t\t\t<div class=\"elementor-element elementor-element-baef53d elementor-widget elementor-widget-heading\" data-id=\"baef53d\" data-element_type=\"widget\" data-e-type=\"widget\" data-widget_type=\"heading.default\">\n\t\t\t\t<div class=\"elementor-widget-container\">\n\t\t\t\t\t<h4 class=\"elementor-heading-title elementor-size-default\"><a href=\"https:\/\/www.schwark.ag\/WP2025\/hydraulik\/\">Intelligente Hydraulik-L\u00f6sungen f\u00fcr Ihre Produktion<\/a><\/h4>\t\t\t\t<\/div>\n\t\t\t\t<\/div>\n\t\t\t\t<div class=\"elementor-element elementor-element-489cbbe elementor-widget elementor-widget-heading\" data-id=\"489cbbe\" data-element_type=\"widget\" data-e-type=\"widget\" data-widget_type=\"heading.default\">\n\t\t\t\t<div class=\"elementor-widget-container\">\n\t\t\t\t\t<p class=\"elementor-heading-title elementor-size-default\"><a href=\"https:\/\/www.schwark.ag\/WP2025\/hydraulik\/\"><div class=\"pneu-list\">\n  Systemkomponenten f\u00fcr Industrie- und Mobilhydraulik\n  <ul>\n    <li><strong>Schnelle Reaktion &amp; kurze Wege<\/strong> \u2013 bei Maschinenausf\u00e4llen und Reparaturen<\/li>\n    <li><strong>Individuelle Beratung &amp; Service<\/strong> \u2013 pers\u00f6nliche Betreuung vor Ort<\/li>\n    <li><strong>Aggregatebau<\/strong> \u2013 von der Standardkomponente bis zur ma\u00dfgeschneiderten Sonderl\u00f6sung<\/li>\n    <li><strong>Industrie&nbsp;4.0 realisieren<\/strong> \u2013 mit Einbindung digitaler Steuerungsmodule<\/li>\n  <\/ul>\n<\/div><\/a><\/p>\t\t\t\t<\/div>\n\t\t\t\t<\/div>\n\t\t\t\t<\/div>\n\t\t<div data-premium-element-link=\"{&quot;type&quot;:&quot;link&quot;,&quot;link&quot;:null,&quot;href&quot;:&quot;https:\\\/\\\/www.schwark.ag\\\/WP2025\\\/pneumatik\\\/&quot;}\" style=\"cursor: pointer\" class=\"elementor-element elementor-element-6e0be53 e-con-full premium-wrapper-link-yes e-flex e-con e-child\" data-id=\"6e0be53\" data-element_type=\"container\" data-e-type=\"container\" data-settings=\"{&quot;background_background&quot;:&quot;classic&quot;}\">\n\t\t\t\t<div class=\"elementor-element elementor-element-8ed8c95 elementor-widget__width-auto elementor-widget elementor-widget-heading\" data-id=\"8ed8c95\" data-element_type=\"widget\" data-e-type=\"widget\" data-widget_type=\"heading.default\">\n\t\t\t\t<div class=\"elementor-widget-container\">\n\t\t\t\t\t<h6 class=\"elementor-heading-title elementor-size-default\"><a href=\"https:\/\/www.schwark.ag\/WP2025\/pneumatik\/\"><b>PNEUMATIK<\/b><\/a><\/h6>\t\t\t\t<\/div>\n\t\t\t\t<\/div>\n\t\t\t\t<div class=\"elementor-element elementor-element-50027d6 elementor-widget elementor-widget-heading\" data-id=\"50027d6\" data-element_type=\"widget\" data-e-type=\"widget\" data-widget_type=\"heading.default\">\n\t\t\t\t<div class=\"elementor-widget-container\">\n\t\t\t\t\t<h4 class=\"elementor-heading-title elementor-size-default\"><a href=\"https:\/\/www.schwark.ag\/WP2025\/pneumatik\/\">Spitzenleistungen mit Pneumatik<\/a><\/h4>\t\t\t\t<\/div>\n\t\t\t\t<\/div>\n\t\t\t\t<div data-premium-element-link=\"{&quot;type&quot;:&quot;link&quot;,&quot;link&quot;:null,&quot;href&quot;:&quot;https:\\\/\\\/www.schwark.ag\\\/WP2025\\\/pneumatik\\\/&quot;}\" style=\"cursor: pointer\" class=\"elementor-element elementor-element-6c04e36 premium-wrapper-link-yes elementor-widget elementor-widget-heading\" data-id=\"6c04e36\" data-element_type=\"widget\" data-e-type=\"widget\" data-widget_type=\"heading.default\">\n\t\t\t\t<div class=\"elementor-widget-container\">\n\t\t\t\t\t<p class=\"elementor-heading-title elementor-size-default\"><a href=\"https:\/\/www.schwark.ag\/WP2025\/pneumatik\/\"><div class=\"pneu-list\">\n  Druckluft- &amp; Pneumatiksysteme\n  <ul>\n    <li><strong>Beratung &amp; Service vor Ort<\/strong> \u2013 Wartung &amp; Reparaturen direkt bei Ihnen im Betrieb<\/li>\n    <li><strong>Automation &amp; Steuerung<\/strong> \u2013 intelligente Pneumatikl\u00f6sungen f\u00fcr Effizienz &amp; Verf\u00fcgbarkeit<\/li>\n    <li><strong>Industrie 4.0 ready<\/strong> \u2013 vernetzte Systeme mit Sensorik &amp; Datenintegration<\/li>\n  <\/ul>\n<\/div>\n<\/a><\/p>\t\t\t\t<\/div>\n\t\t\t\t<\/div>\n\t\t\t\t<\/div>\n\t\t<div class=\"elementor-element elementor-element-1df6e11 e-con-full e-flex e-con e-child\" data-id=\"1df6e11\" data-element_type=\"container\" data-e-type=\"container\" data-settings=\"{&quot;background_background&quot;:&quot;classic&quot;}\">\n\t\t\t\t<div class=\"elementor-element elementor-element-79b8063 elementor-widget__width-auto elementor-widget elementor-widget-heading\" data-id=\"79b8063\" data-element_type=\"widget\" data-e-type=\"widget\" data-widget_type=\"heading.default\">\n\t\t\t\t<div class=\"elementor-widget-container\">\n\t\t\t\t\t<h6 class=\"elementor-heading-title elementor-size-default\"><a href=\"https:\/\/www.schwark.ag\/WP2025\/druckluft\/\"><b>DRUCKLUFT<\/b><\/a><\/h6>\t\t\t\t<\/div>\n\t\t\t\t<\/div>\n\t\t\t\t<div class=\"elementor-element elementor-element-baf1d5b elementor-widget elementor-widget-heading\" data-id=\"baf1d5b\" data-element_type=\"widget\" data-e-type=\"widget\" data-widget_type=\"heading.default\">\n\t\t\t\t<div class=\"elementor-widget-container\">\n\t\t\t\t\t<h4 class=\"elementor-heading-title elementor-size-default\"><a href=\"https:\/\/www.schwark.ag\/WP2025\/druckluft\/\">Von mobilen Handwerker-Kompressoren bis zu station\u00e4ren Druckluft-Gro\u00dfanlagen<\/a><\/h4>\t\t\t\t<\/div>\n\t\t\t\t<\/div>\n\t\t\t\t<div class=\"elementor-element elementor-element-92ef2ea elementor-widget elementor-widget-heading\" data-id=\"92ef2ea\" data-element_type=\"widget\" data-e-type=\"widget\" data-widget_type=\"heading.default\">\n\t\t\t\t<div class=\"elementor-widget-container\">\n\t\t\t\t\t<p class=\"elementor-heading-title elementor-size-default\"><a href=\"https:\/\/www.schwark.ag\/WP2025\/druckluft\/\"><div class=\"pneu-list\">\n  Planung und Umsetzung Ihrer Druckluftanlagen von A bis Z\n  <ul>\n    <li><strong>Optimale Auslegung<\/strong> \u2013 f\u00fcr Alt- und Neuanlagen<\/li>\n    <li><strong>Effiziente W\u00e4rmer\u00fcckgewinnung<\/strong> \u2013 Energie sparen &amp; nachhaltig wirtschaften<\/li>\n    <li><strong>Leckageortung &amp; -beseitigung<\/strong> \u2013 f\u00fcr minimalen Energieeinsatz<\/li>\n    <li><strong>Moderne IT-Anbindung<\/strong> \u2013 smarte Steuerung Ihrer Druckluftanlagen<\/li>\n  <\/ul>\n<\/div><\/a><\/p>\t\t\t\t<\/div>\n\t\t\t\t<\/div>\n\t\t\t\t<\/div>\n\t\t\t\t<\/div>\n\t\t<div class=\"elementor-element elementor-element-721c094 e-con-full e-flex e-con e-child\" data-id=\"721c094\" data-element_type=\"container\" data-e-type=\"container\">\n\t\t<div data-premium-element-link=\"{&quot;type&quot;:&quot;link&quot;,&quot;link&quot;:null,&quot;href&quot;:&quot;https:\\\/\\\/www.schwark.ag\\\/WP2025\\\/service\\\/&quot;}\" style=\"cursor: pointer\" class=\"elementor-element elementor-element-1c72ebb e-con-full premium-wrapper-link-yes e-flex e-con e-child\" data-id=\"1c72ebb\" data-element_type=\"container\" data-e-type=\"container\" data-settings=\"{&quot;background_background&quot;:&quot;classic&quot;}\">\n\t\t\t\t<div class=\"elementor-element elementor-element-a480285 elementor-widget__width-auto elementor-widget elementor-widget-heading\" data-id=\"a480285\" data-element_type=\"widget\" data-e-type=\"widget\" data-widget_type=\"heading.default\">\n\t\t\t\t<div class=\"elementor-widget-container\">\n\t\t\t\t\t<h6 class=\"elementor-heading-title elementor-size-default\"><a href=\"https:\/\/www.schwark.ag\/WP2025\/service\/\"><b>SERVICE<\/b><\/a><\/h6>\t\t\t\t<\/div>\n\t\t\t\t<\/div>\n\t\t\t\t<div class=\"elementor-element elementor-element-ee4142a elementor-widget elementor-widget-heading\" data-id=\"ee4142a\" data-element_type=\"widget\" data-e-type=\"widget\" data-widget_type=\"heading.default\">\n\t\t\t\t<div class=\"elementor-widget-container\">\n\t\t\t\t\t<h4 class=\"elementor-heading-title elementor-size-default\"><a href=\"https:\/\/www.schwark.ag\/WP2025\/service\/\">SERVICE - mehr als nur ein Wort<\/a><\/h4>\t\t\t\t<\/div>\n\t\t\t\t<\/div>\n\t\t\t\t<div class=\"elementor-element elementor-element-bf0251e elementor-widget elementor-widget-heading\" data-id=\"bf0251e\" data-element_type=\"widget\" data-e-type=\"widget\" data-widget_type=\"heading.default\">\n\t\t\t\t<div class=\"elementor-widget-container\">\n\t\t\t\t\t<p class=\"elementor-heading-title elementor-size-default\"><a href=\"https:\/\/www.schwark.ag\/WP2025\/service\/\"><div class=\"pneu-list\">\n  Wir sind f\u00fcr Sie da.\n  <p>Ihr zertifizierter Partner f\u00fcr Hydraulik &amp; Pneumatik am Ort<\/p>\n  <ul>\n    <li><strong>Helfer in der Not<\/strong> \u2013 kurzfristige Eins\u00e4tze bei Maschinenausf\u00e4llen<\/li>\n    <li><strong>Montagen, Reparaturen &amp; Wartungen<\/strong> \u2013 inklusive Servicevertr\u00e4gen<\/li>\n  <\/ul>\n<\/div><\/a><\/p>\t\t\t\t<\/div>\n\t\t\t\t<\/div>\n\t\t\t\t<\/div>\n\t\t<div class=\"elementor-element elementor-element-46f8de8 e-con-full e-flex e-con e-child\" data-id=\"46f8de8\" data-element_type=\"container\" data-e-type=\"container\" data-settings=\"{&quot;background_background&quot;:&quot;classic&quot;}\">\n\t\t\t\t<div class=\"elementor-element elementor-element-223b459 elementor-widget__width-auto elementor-widget elementor-widget-heading\" data-id=\"223b459\" data-element_type=\"widget\" data-e-type=\"widget\" data-widget_type=\"heading.default\">\n\t\t\t\t<div class=\"elementor-widget-container\">\n\t\t\t\t\t<h6 class=\"elementor-heading-title elementor-size-default\"><b>SCHLAUCHWERKSTATT<\/b><\/h6>\t\t\t\t<\/div>\n\t\t\t\t<\/div>\n\t\t\t\t<div class=\"elementor-element elementor-element-46333c4 elementor-widget elementor-widget-heading\" data-id=\"46333c4\" data-element_type=\"widget\" data-e-type=\"widget\" data-widget_type=\"heading.default\">\n\t\t\t\t<div class=\"elementor-widget-container\">\n\t\t\t\t\t<h4 class=\"elementor-heading-title elementor-size-default\"><a href=\"#\">Zertifizierte Fertigung nach individuellen Anforderungen<\/a><\/h4>\t\t\t\t<\/div>\n\t\t\t\t<\/div>\n\t\t\t\t<div class=\"elementor-element elementor-element-62bc8a0 elementor-widget elementor-widget-heading\" data-id=\"62bc8a0\" data-element_type=\"widget\" data-e-type=\"widget\" data-widget_type=\"heading.default\">\n\t\t\t\t<div class=\"elementor-widget-container\">\n\t\t\t\t\t<p class=\"elementor-heading-title elementor-size-default\"><a href=\"#\"><div class=\"pneu-list\">\n  Alle g\u00e4ngigen Schlaucharten, -gr\u00f6\u00dfen und Armaturen auf Lager.\n  <ul>\n    <li><strong>Schlauchtracking<\/strong> \u2013 die sichere und intelligente L\u00f6sung f\u00fcr Hydraulikschl\u00e4uche<\/li>\n    <li><strong>Sofort-Hilfe<\/strong> \u2013 schnelle Unterst\u00fctzung bei Maschinenausf\u00e4llen<\/li>\n    <li><strong>Wartung &amp; Austausch<\/strong> \u2013 direkt bei Ihnen vor Ort<\/li>\n  <\/ul>\n<\/div><\/a><\/p>\t\t\t\t<\/div>\n\t\t\t\t<\/div>\n\t\t\t\t<\/div>\n\t\t<div class=\"elementor-element elementor-element-6bcc8cd e-con-full e-flex e-con e-child\" data-id=\"6bcc8cd\" data-element_type=\"container\" data-e-type=\"container\" data-settings=\"{&quot;background_background&quot;:&quot;classic&quot;}\">\n\t\t\t\t<div class=\"elementor-element elementor-element-357f1a3 elementor-widget__width-auto elementor-widget elementor-widget-heading\" data-id=\"357f1a3\" data-element_type=\"widget\" data-e-type=\"widget\" data-widget_type=\"heading.default\">\n\t\t\t\t<div class=\"elementor-widget-container\">\n\t\t\t\t\t<h6 class=\"elementor-heading-title elementor-size-default\"><b>ERSATZTEILE<\/b><\/h6>\t\t\t\t<\/div>\n\t\t\t\t<\/div>\n\t\t\t\t<div class=\"elementor-element elementor-element-321718d elementor-widget elementor-widget-heading\" data-id=\"321718d\" data-element_type=\"widget\" data-e-type=\"widget\" data-widget_type=\"heading.default\">\n\t\t\t\t<div class=\"elementor-widget-container\">\n\t\t\t\t\t<h4 class=\"elementor-heading-title elementor-size-default\"><a href=\"#\">Kurzfristige Neu- und Ersatzteilbeschaffung<\/a><\/h4>\t\t\t\t<\/div>\n\t\t\t\t<\/div>\n\t\t\t\t<div class=\"elementor-element elementor-element-f8ae75f elementor-widget elementor-widget-heading\" data-id=\"f8ae75f\" data-element_type=\"widget\" data-e-type=\"widget\" data-widget_type=\"heading.default\">\n\t\t\t\t<div class=\"elementor-widget-container\">\n\t\t\t\t\t<p class=\"elementor-heading-title elementor-size-default\"><a href=\"#\"><div class=\"pneu-list\">\n  Von Armaturen bis Zylinder \u2013 200.000 hochwertige Markenartikel kurzfristig verf\u00fcgbar\n  <ul>\n    <li><strong>Bis 16.00 Uhr bestellen<\/strong> \u2013 wir verschicken noch am selben Tag <em>*(gilt an Werktagen und f\u00fcr Lagerware)<\/em><\/li>\n    <li><strong>Overnight-Express bis 21.00 Uhr<\/strong> \u2013 ultraschnelle Lieferung <em>*(gilt f\u00fcr E-Shop-Bestellungen)<\/em><\/li>\n  <\/ul>\n<\/div><\/a><\/p>\t\t\t\t<\/div>\n\t\t\t\t<\/div>\n\t\t\t\t<\/div>\n\t\t\t\t<\/div>\n\t\t\t\t<\/div>\n\t\t\t\t\t<\/div>\n\t\t\t\t<\/div>\n\t\t\t\t<\/div>\n\t\t","protected":false},"excerpt":{"rendered":"<p>Produkte &amp; Leistungen Pr\u00e4zise L\u00f6sungen in Hydraulik und Pneumatik f\u00fcr maximale Leistung und Zuverl\u00e4ssigkeit. HYDRAULIK Intelligente Hydraulik-L\u00f6sungen f\u00fcr Ihre Produktion Systemkomponenten f\u00fcr Industrie- und Mobilhydraulik Schnelle Reaktion &amp; kurze Wege \u2013 bei Maschinenausf\u00e4llen und Reparaturen Individuelle Beratung &amp; Service \u2013 pers\u00f6nliche Betreuung vor Ort Aggregatebau \u2013 von der Standardkomponente bis zur ma\u00dfgeschneiderten Sonderl\u00f6sung Industrie&nbsp;4.0 realisieren [&hellip;]<\/p>\n","protected":false},"author":1,"featured_media":0,"parent":0,"menu_order":0,"comment_status":"closed","ping_status":"closed","template":"","meta":{"site-sidebar-layout":"no-sidebar","site-content-layout":"page-builder","ast-site-content-layout":"default","site-content-style":"default","site-sidebar-style":"default","ast-global-header-display":"","ast-banner-title-visibility":"","ast-main-header-display":"","ast-hfb-above-header-display":"","ast-hfb-below-header-display":"","ast-hfb-mobile-header-display":"","site-post-title":"disabled","ast-breadcrumbs-content":"disabled","ast-featured-img":"disabled","footer-sml-layout":"","ast-disable-related-posts":"","theme-transparent-header-meta":"enabled","adv-header-id-meta":"","stick-header-meta":"","header-above-stick-meta":"","header-main-stick-meta":"","header-below-stick-meta":"","astra-migrate-meta-layouts":"default","ast-page-background-enabled":"default","ast-page-background-meta":{"desktop":{"background-color":"","background-image":"","background-repeat":"repeat","background-position":"center center","background-size":"auto","background-attachment":"scroll","background-type":"","background-media":"","overlay-type":"","overlay-color":"","overlay-opacity":"","overlay-gradient":""},"tablet":{"background-color":"","background-image":"","background-repeat":"repeat","background-position":"center center","background-size":"auto","background-attachment":"scroll","background-type":"","background-media":"","overlay-type":"","overlay-color":"","overlay-opacity":"","overlay-gradient":""},"mobile":{"background-color":"","background-image":"","background-repeat":"repeat","background-position":"center center","background-size":"auto","background-attachment":"scroll","background-type":"","background-media":"","overlay-type":"","overlay-color":"","overlay-opacity":"","overlay-gradient":""}},"ast-content-background-meta":{"desktop":{"background-color":"var(--ast-global-color-5)","background-image":"","background-repeat":"repeat","background-position":"center center","background-size":"auto","background-attachment":"scroll","background-type":"","background-media":"","overlay-type":"","overlay-color":"","overlay-opacity":"","overlay-gradient":""},"tablet":{"background-color":"var(--ast-global-color-5)","background-image":"","background-repeat":"repeat","background-position":"center center","background-size":"auto","background-attachment":"scroll","background-type":"","background-media":"","overlay-type":"","overlay-color":"","overlay-opacity":"","overlay-gradient":""},"mobile":{"background-color":"var(--ast-global-color-5)","background-image":"","background-repeat":"repeat","background-position":"center center","background-size":"auto","background-attachment":"scroll","background-type":"","background-media":"","overlay-type":"","overlay-color":"","overlay-opacity":"","overlay-gradient":""}},"footnotes":""},"class_list":["post-1187","page","type-page","status-publish","hentry"],"_links":{"self":[{"href":"https:\/\/www.schwark.ag\/WP2025\/wp-json\/wp\/v2\/pages\/1187","targetHints":{"allow":["GET"]}}],"collection":[{"href":"https:\/\/www.schwark.ag\/WP2025\/wp-json\/wp\/v2\/pages"}],"about":[{"href":"https:\/\/www.schwark.ag\/WP2025\/wp-json\/wp\/v2\/types\/page"}],"author":[{"embeddable":true,"href":"https:\/\/www.schwark.ag\/WP2025\/wp-json\/wp\/v2\/users\/1"}],"replies":[{"embeddable":true,"href":"https:\/\/www.schwark.ag\/WP2025\/wp-json\/wp\/v2\/comments?post=1187"}],"version-history":[{"count":148,"href":"https:\/\/www.schwark.ag\/WP2025\/wp-json\/wp\/v2\/pages\/1187\/revisions"}],"predecessor-version":[{"id":2761,"href":"https:\/\/www.schwark.ag\/WP2025\/wp-json\/wp\/v2\/pages\/1187\/revisions\/2761"}],"wp:attachment":[{"href":"https:\/\/www.schwark.ag\/WP2025\/wp-json\/wp\/v2\/media?parent=1187"}],"curies":[{"name":"wp","href":"https:\/\/api.w.org\/{rel}","templated":true}]}}